{"id":100,"date":"2017-10-29T18:16:34","date_gmt":"2017-10-29T18:16:34","guid":{"rendered":"https:\/\/www.keilaseurajbt.fi\/?page_id=100"},"modified":"2026-03-14T14:19:45","modified_gmt":"2026-03-14T11:19:45","slug":"valtakunnan-sarjat","status":"publish","type":"page","link":"https:\/\/www.keilaseurajbt.fi\/?page_id=100","title":{"rendered":"Valtakunnan sarjat"},"content":{"rendered":"<p><strong>KAUSI 2025-2026<br \/>\n<\/strong>JBT pelasi yleisen valtakunnansarjan 3-sarjassa, lohkossa 4. Kausi oli alusta asti haasteellinen ja voittoja ei tullut. Viimeinen kierros Vihdin keilahallissa jatkoi samaa kaavaa ja kierroksella onnistuttiin voittamaan vain yksi peli. JBT sijoittui lohkossa kolmanneksi ja jatkaa kaudella 2026-2027 valtakunnan 3-sarjassa. Lohkovoiton vei Bay 3, joka nousee valtakunnan kakkossarjaan. Lohkon toiseksi sijoittui TKK 2 ja lohkon viimeiseksi sijoittui Bad Boys 2.<br \/>\n<a href=\"https:\/\/kilpailut.keilailu.fi\/leagues\/2025%E2%80%932026\/119\">Otteluohjelma ja tulokset<\/a><br \/>\nJBT pelasi veteraanien valtakunnansarjan 2-sarjassa, lohkossa 18. JBT sijoittui lohkon kolmanneksi ja jatkaa kaudella 2026-2027 veteraanien kakkossarjassa. Lohkon voiton vei Kamut, joka karsii noususta V1-sarjaan kaudelle 2026-2027. Lohkon toiseksi sijoittui HIFK.<br \/>\nViimeisen kierroksen paras pelaaja oli Markku Pyy puhtaalla keskiarvolla 210,20. Markku oli my\u00f6skin koko kauden osalta lohkon paras pelaaja puhtaalla keskiarvolla 203,25.<br \/>\n<a href=\"https:\/\/kilpailut.keilailu.fi\/leagues\/2025%E2%80%932026\/128\">Otteluohjelma ja tulokset<\/a><\/p>\n<p>KAUSI 2024-2025<br \/>\nMiesten IV-sarjassa JBT voitti lohkonsa ja nousee Miesten kolmossarjaan kaudella 2025-2026.<br \/>\nEnnen viimeist\u00e4 pelikierrosta Lahdessa JBT oli lohkon k\u00e4rjess\u00e4. Tornados ja Starmen olivat l\u00e4hituntumassa, joten kaikki oli viel\u00e4 mahdollista viimeisell\u00e4 kierroksella. Kierros alkoi JBT:n osalta tappiolla Carbolle, my\u00f6s Tornados h\u00e4visi ensimm\u00e4isen pelins\u00e4. Starmen voitti ensimm\u00e4isen pelins\u00e4 ja l\u00e4hestyi k\u00e4rke\u00e4. Toisessa peliss\u00e4 JBT voitti Tornadoksen, joka oli toisen tappion my\u00f6t\u00e4 pudonnut k\u00e4rjen vauhdista. Starmen voitti pelins\u00e4 ja n\u00e4in lohkon voitto n\u00e4ytti olevan kahden kauppa. JBT ja Starmen voittivat kolmannet ja nelj\u00e4nnet pelins\u00e4. Nelj\u00e4nness\u00e4 peliss\u00e4\u00e4n Starmen heitti 669 puhtaana ja n\u00e4in tilanne oli se, ett\u00e4 lohkon voitto ratkaistiin viimeisess\u00e4 peliss\u00e4 Starmen &#8211; JBT. Viimeinen peli alkoi molemmilta joukkueilta hyvin. Peli ratkesi , kun JBT teki viidenteen ja kuudenteen ruutuun tupla pyst\u00e4rin ja jatkoi my\u00f6s loppuun asti vahvasti heitt\u00e4en koko kauden parhaan pelins\u00e4 703. Kierroksen pelaaja Rasmus L\u00e4hteenm\u00e4ki teki 254, Petri Takko 227 ja Jarmo Hyv\u00f6nen 222. Mahtava peli ja lohkon voitto JBT:lle ja nousu varmistui.<strong><br \/>\n<img fetchpriority=\"high\" decoding=\"async\" class=\"alignnone size-full wp-image-1485\" src=\"https:\/\/www.keilaseurajbt.fi\/wp-content\/uploads\/2025\/03\/M3-VS-JBT-STARMEN-15032025-\u2013-kopio.jpg\" alt=\"\" width=\"1792\" height=\"502\" \/><br \/>\n<a href=\"https:\/\/kilpailut.keilailu.fi\/leagues\/2024%E2%80%932025\/73\">Miesten IV-sarja ohjelma ja tulokset<\/a><br \/>\n<a href=\"https:\/\/kilpailut.keilailu.fi\/leagues\/2024%E2%80%932025\/81\">Veteraanien kakkossarjan ohjelma ja tulokset<\/a><\/strong><\/p>\n<p>KAUSI 2023-2024<\/p>\n<p><a href=\"https:\/\/kilpailut.keilailu.fi\/leagues\/2023%E2%80%932024\/6\">Miesten IV-sarja ohjelma ja tulokset<\/a><br \/>\n<a href=\"https:\/\/kilpailut.keilailu.fi\/leagues\/2023%E2%80%932024\/15\">Veteraanien kakkossarjan ohjelma ja tulokset<\/a><\/p>\n<p><strong>KAUSI 2022-2023<\/strong><\/p>\n<p><a href=\"http:\/\/tulokset.keilailu.fi\/valtakunnansarjat.php?season_id=18&amp;serie_id=488\">Miesten IV-sarja ohjelma ja tulokset<\/a><strong><br \/>\n<\/strong><a href=\"http:\/\/tulokset.keilailu.fi\/valtakunnansarjat.php?season_id=18&amp;serie_id=481\">Veteraanien kakkossarjan ohjelma ja tulokset<\/a><\/p>\n<p>KAUSI 2021-2022<\/p>\n<p><a href=\"http:\/\/tulokset.keilailu.fi\/valtakunnansarjat.php?season_id=17&amp;serie_id=454\">Miesten IV sarja ohjelma ja tulokset<\/a><br \/>\n<a href=\"http:\/\/tulokset.keilailu.fi\/valtakunnansarjat.php?season_id=17&amp;serie_id=461\">Veteraanien ykk\u00f6ssarjan ohjelma ja tulokset<\/a><br \/>\n<a href=\"http:\/\/tulokset.keilailu.fi\/valtakunnansarjat.php?season_id=17&amp;serie_id=462\">Veteraanien kakkossarjan ohjelma ja tulokset<\/a><\/p>\n<p><strong>KAUSI 2020-2021<\/strong><\/p>\n<p><a href=\"http:\/\/tulokset.keilailu.fi\/valtakunnansarjat.php?season_id=16&amp;serie_id=426\">Miesten IV-sarja ohjelma ja tulokset<\/a><br \/>\n<a href=\"http:\/\/tulokset.keilailu.fi\/valtakunnansarjat.php?season_id=16&amp;serie_id=433\">Veteraanien ykk\u00f6ssarjan ohjelma ja tulokset<\/a><br \/>\n<a href=\"http:\/\/tulokset.keilailu.fi\/valtakunnansarjat.php?season_id=16&amp;serie_id=434\">Veteraanien kakkossarjan ohjelma ja tulokset<\/a><\/p>\n<p><strong>KAUSI 2019-2020<\/strong><\/p>\n<p><a href=\"http:\/\/tulokset.keilailu.fi\/valtakunnansarjat.php?season_id=15&amp;serie_id=408\">Miesten IV-sarja ohjelma ja tulokset<\/a><br \/>\n<a href=\"http:\/\/tulokset.keilailu.fi\/valtakunnansarjat.php?season_id=15&amp;serie_id=398\">Veteraanien ykk\u00f6ssarjan ohjelma ja tulokset<\/a><br \/>\n<a href=\"http:\/\/tulokset.keilailu.fi\/valtakunnansarjat.php?season_id=15&amp;serie_id=399\">Veteraanien kakkossarjan ohjelma ja tulokset<\/a><\/p>\n<p><strong>KAUSI 2018-2019<\/strong><\/p>\n<p><a href=\"http:\/\/tulokset.keilailu.fi\/printpdfindex.php?reportid=76&amp;id2=368\">Miesten M3-sarja lopputilanne<\/a><br \/>\nJBT putosi IV-sarjaan kaudeksi 19-20.<br \/>\n<a href=\"http:\/\/tulokset.keilailu.fi\/printpdfindex.php?reportid=76&amp;id2=360\">Veteraanien V2 lohkon lopputulokset<\/a><br \/>\n<a href=\"http:\/\/tulokset.keilailu.fi\/printpdfindex.php?reportid=70&amp;id=1518&amp;id4=1&amp;id7=&amp;id6=5\">Veteraanien nousukarsintalohkon tulokset<\/a><br \/>\nJBT sijoittui nousukarsintalohkon kolmanneksi ja nousi kaudella 19-20 ykk\u00f6ssarjaan.<\/p>\n","protected":false},"excerpt":{"rendered":"<p>KAUSI 2025-2026 JBT pelasi yleisen valtakunnansarjan 3-sarjassa, lohkossa 4. Kausi oli alusta asti haasteellinen ja voittoja ei tullut. Viimeinen kierros Vihdin keilahallissa jatkoi samaa kaavaa ja kierroksella onnistuttiin voittamaan vain [&hellip;]<\/p>\n","protected":false},"author":1,"featured_media":0,"parent":0,"menu_order":0,"comment_status":"closed","ping_status":"closed","template":"page-templates\/full-width.php","meta":{"footnotes":""},"class_list":["post-100","page","type-page","status-publish","hentry"],"_links":{"self":[{"href":"https:\/\/www.keilaseurajbt.fi\/index.php?rest_route=\/wp\/v2\/pages\/100","targetHints":{"allow":["GET"]}}],"collection":[{"href":"https:\/\/www.keilaseurajbt.fi\/index.php?rest_route=\/wp\/v2\/pages"}],"about":[{"href":"https:\/\/www.keilaseurajbt.fi\/index.php?rest_route=\/wp\/v2\/types\/page"}],"author":[{"embeddable":true,"href":"https:\/\/www.keilaseurajbt.fi\/index.php?rest_route=\/wp\/v2\/users\/1"}],"replies":[{"embeddable":true,"href":"https:\/\/www.keilaseurajbt.fi\/index.php?rest_route=%2Fwp%2Fv2%2Fcomments&post=100"}],"version-history":[{"count":29,"href":"https:\/\/www.keilaseurajbt.fi\/index.php?rest_route=\/wp\/v2\/pages\/100\/revisions"}],"predecessor-version":[{"id":1729,"href":"https:\/\/www.keilaseurajbt.fi\/index.php?rest_route=\/wp\/v2\/pages\/100\/revisions\/1729"}],"wp:attachment":[{"href":"https:\/\/www.keilaseurajbt.fi\/index.php?rest_route=%2Fwp%2Fv2%2Fmedia&parent=100"}],"curies":[{"name":"wp","href":"https:\/\/api.w.org\/{rel}","templated":true}]}}