{"id":222,"date":"2018-04-08T19:29:30","date_gmt":"2018-04-08T19:29:30","guid":{"rendered":"https:\/\/www.keilaseurajbt.fi\/?page_id=222"},"modified":"2026-04-12T16:56:13","modified_gmt":"2026-04-12T13:56:13","slug":"seuraotteluiden-tulokset","status":"publish","type":"page","link":"https:\/\/www.keilaseurajbt.fi\/?page_id=222","title":{"rendered":"Seuraotteluiden tulokset"},"content":{"rendered":"<p><strong>KAUSI 2025-2026<\/strong><strong><br \/>\n<\/strong><a href=\"https:\/\/www.keilaseurajbt.fi\/wp-content\/uploads\/2026\/04\/Seuraottelu-Lovi-JBT-Carbo-12042026.jpg\">Seuraottelu Lovi-JBT-Carbo 12042026<\/a><br \/>\n<a href=\"https:\/\/www.keilaseurajbt.fi\/wp-content\/uploads\/2026\/04\/Seuraottelu-BAY-JBT-Heitto-Kobo-Pate-BF-Siniset-LoStar-11042026.jpg\">Seuraottelu Bay-JBT-Heitto-Kobo-Pate-BF-Siniset-LoStar 11042026<\/a><strong><br \/>\n<\/strong><a href=\"https:\/\/www.keilaseurajbt.fi\/wp-content\/uploads\/2026\/03\/Seuraottelu-BDT-JBT-CARBO-COSMIC-KERA-12032026-.pdf\">Seuraottelu BDT-JBT-CARBO-COSMIC-KERA 12032026<\/a><strong><br \/>\n<\/strong><a href=\"https:\/\/www.keilaseurajbt.fi\/wp-content\/uploads\/2026\/03\/Seuraottelu-Kamut-aCat-JBT-09032026.pdf\">Seuraottelu Kamut-aCat-JBT 09032026<\/a><strong><br \/>\n<\/strong><a href=\"https:\/\/www.keilaseurajbt.fi\/wp-content\/uploads\/2026\/02\/Seuraottelu-MAKE-JBT-Eleven-HIFK-Hylsy-Era-Lovi-Bc-Story-22-23022026.pdf\">Seuraottelu MAKE-JBT-Eleven-HIFK-Hylsy-Er\u00e4-Lovi-Bc Story 22-23022026<\/a><strong><br \/>\n<\/strong><a href=\"https:\/\/www.keilaseurajbt.fi\/wp-content\/uploads\/2026\/01\/Seuraottelu-Carbo-JBT-BDT-Kera-Cosmic-Lovi-31012026.pdf\">Seuraottelu Carbo-JBT-BDT-Kera-Cosmic-Lovi 31012026<\/a><strong><br \/>\n<\/strong><a href=\"https:\/\/www.keilaseurajbt.fi\/wp-content\/uploads\/2026\/01\/Seuraottelu-Hylsy-JBT-25012026.jpg\">Seuraottelu<\/a><a href=\"https:\/\/www.keilaseurajbt.fi\/wp-content\/uploads\/2026\/01\/Seuraottelu-Hylsy-JBT-25012026.jpg\"> Hylsy-JBT<\/a><a href=\"https:\/\/www.keilaseurajbt.fi\/wp-content\/uploads\/2026\/01\/Seuraottelu-Hylsy-JBT-25012026.jpg\"> 25012026<\/a><strong><br \/>\n<\/strong><a href=\"https:\/\/www.keilaseurajbt.fi\/wp-content\/uploads\/2025\/12\/Seuraottelu-UK88-JBT-27122025.pdf\">Seuraottelu UK88-JBT 27122025<\/a><strong><br \/>\n<\/strong><a href=\"https:\/\/www.keilaseurajbt.fi\/wp-content\/uploads\/2025\/12\/Seuraottelu-75-JBT-UK88-aCat-Kera-20122025.pdf\">Seuraottelu 75-JBT-UK88-aCat-Kera 20122025<\/a><strong><br \/>\n<\/strong><a href=\"https:\/\/www.keilaseurajbt.fi\/wp-content\/uploads\/2025\/12\/Seuraottelu-JBT-LOVI-13122025.pdf\">Seuraottelu JBT-LOVI 13122025<\/a><br \/>\n<a href=\"https:\/\/www.keilaseurajbt.fi\/wp-content\/uploads\/2025\/11\/Seuraottelu-JBT-UK88-PYRSTO-KAMUT-HVV-30112025.pdf\">Seuraottelu JBT-UK88-PYRST\u00d6-KAMUT-HVV 30112025<\/a><br \/>\n<a href=\"https:\/\/www.keilaseurajbt.fi\/wp-content\/uploads\/2025\/11\/Seuraottelu-JBT-HIFK1-HIFK2-Make-Tornados-Seitenviis-Hylsy-22112025.pdf\">Seuraottelu JBT-HIFK1-HIFK2-Make-Tornados-Seitenviis-Hylsy 22112025<\/a><br \/>\n<a href=\"https:\/\/www.keilaseurajbt.fi\/wp-content\/uploads\/2025\/11\/Seuraottelu-JBT-BDT-CARBO-COSMIC-KERA-19112025.pdf\">Seuraottelu JBT-BDT-CARBO-COSMIC-KERA 19112025<\/a><br \/>\n<a href=\"https:\/\/www.keilaseurajbt.fi\/wp-content\/uploads\/2025\/10\/Seuraottelu-Carbo-JBT-LOVI-Kera-BDT-Carbo-II-04102025.pdf\">Seuraottelu Carbo-JBT-LOVI-Kera-BDT-Carbo II 04102025<\/a><\/p>\n<p><strong>KAUSI 2024-2025<\/strong><br \/>\n<a href=\"https:\/\/www.keilaseurajbt.fi\/wp-content\/uploads\/2025\/04\/Seuraottelu-Pyrsto-JBT-Taku-19042025.pdf\">Seuraottelu Pyrst\u00f6-JBT-Taku 19042025<\/a><br \/>\n<a href=\"https:\/\/www.keilaseurajbt.fi\/wp-content\/uploads\/2025\/04\/Seuraottelu-CARBO-JBT-BDT-KERA-COSMIC-LOVI-13042025.pdf\">Seuraottelu CARBO-JBT-BDT-KERA-COSMIC-LOVI 13042025<\/a><br \/>\n<a href=\"https:\/\/www.keilaseurajbt.fi\/wp-content\/uploads\/2025\/03\/Seuraottelu-COSMIC-JBT-BDT-CARBO-KERA-09032025.pdf\">Seuraottelu COSMIC-JBT-BDT-CARBO-KERA 09032025<\/a><br \/>\n<a href=\"https:\/\/www.keilaseurajbt.fi\/wp-content\/uploads\/2025\/02\/Seuraottelu-75-RKM-Vantaa-UK88-JBT-08022025.pdf\">Seuraottelu 75-RKM Vantaa-UK88-JBT 08022025<\/a><br \/>\n<a href=\"https:\/\/www.keilaseurajbt.fi\/wp-content\/uploads\/2025\/02\/Seuraottelu-BDT-Carbo-JBT-Kera-Cosmic-26012025.pdf\">Seuraottelu BDT-Carbo-JBT-Kera-Cosmic 26012025<\/a><br \/>\n<a href=\"https:\/\/www.keilaseurajbt.fi\/wp-content\/uploads\/2024\/12\/Seuraottelu-UK88-JBT-Teke-21122024.pdf\">Seuraottelu UK88-JBT-Teke 21122024<\/a><br \/>\n<a href=\"https:\/\/www.keilaseurajbt.fi\/wp-content\/uploads\/2024\/12\/Seuraottelu-MAKE-JBT-ERA-HYLSY-STRIKERS-15122024.pdf\">Seuraottelu MAKE-JBT-ER\u00c4-HYLSY-STRIKERS 15122024<\/a><br \/>\n<a href=\"https:\/\/www.keilaseurajbt.fi\/wp-content\/uploads\/2024\/12\/Seuraottelu-Carbo-JBT-Carbo-Kera-Cosmic-Lovi-Pinke-Rkm-Vantaa-08122024.pdf\">Seuraottelu Carbo-JBT-Carbo-Kera-Cosmic-Lovi-Pinke-Rkm Vantaa 08122024<\/a><br \/>\n<a href=\"https:\/\/www.keilaseurajbt.fi\/wp-content\/uploads\/2024\/11\/Seuraottelu-Hylsy-MaKe-JBT-12112024.pdf\">Seuraottelu Hylsy-MaKe-JBT 12112024<\/a><br \/>\n<a href=\"https:\/\/www.keilaseurajbt.fi\/wp-content\/uploads\/2024\/11\/Seuraottelu-JBT-HIFK1-HIFK2-Make-Tornados-Pyrsto-03112024.pdf\">Seuraottelu JBT-HIFK1-HIFK2-Make-Tornados-Pyrst\u00f6 03112024<\/a><br \/>\n<a href=\"https:\/\/www.keilaseurajbt.fi\/wp-content\/uploads\/2024\/10\/Seuraottelu-JBT-BDT-CARBO-COSMIC-KERA-28102024.pdf\">Seuraottelu JBT-BDT-CARBO-COSMIC-KERA 28102024<\/a><br \/>\n<a href=\"https:\/\/www.keilaseurajbt.fi\/wp-content\/uploads\/2024\/10\/Seuraottelu-JBT-Lovi-UK88-Hylsy-Seitenviis-HVV-13102024.pdf\">Seuraottelu JBT-Lovi-UK88-Hylsy-Seitenviis-HVV 13102024<\/a><br \/>\n<a href=\"https:\/\/www.keilaseurajbt.fi\/wp-content\/uploads\/2024\/09\/Seuraottelu-BDT-JBT-Carbo-Kera-Cosmic-24092024.pdf\">Seuraottelu BDT-JBT-Carbo-Kera-Cosmic 24092024<\/a><strong><br \/>\n<\/strong><a href=\"https:\/\/www.keilaseurajbt.fi\/wp-content\/uploads\/2024\/09\/Seuraottelu-Lovi-Carbo-JBT-15092024.pdf\">Seuraottelu Lovi-Carbo-JBT 15092024<\/a><strong><br \/>\n<\/strong><\/p>\n<p><strong>KAUSI 2023-2024<\/strong><\/p>\n<p><a href=\"https:\/\/www.keilaseurajbt.fi\/wp-content\/uploads\/2024\/04\/Seuraottelu-75-RKM-Vantaa-UK88-JBT-27042024.pdf\">Seuraottelu 75-RKM Vantaa-UK88-JBT 27042024<\/a><br \/>\n<a href=\"https:\/\/www.keilaseurajbt.fi\/wp-content\/uploads\/2024\/04\/Seuraottelu-Pyrsto-JBT-25042024.pdf\">Seuraottelu Pyrst\u00f6-JBT 25042024<\/a><br \/>\n<a href=\"https:\/\/www.keilaseurajbt.fi\/wp-content\/uploads\/2024\/04\/Seuraottelu-JBT-BDT-Carbo-Kera-Cosmic-16042024.pdf\">Seuraottelu JBT-BDT-Carbo-Kera-Cosmic 16042024<\/a><br \/>\n<a href=\"https:\/\/www.keilaseurajbt.fi\/wp-content\/uploads\/2024\/04\/Seuraottelu-JBT-MAKE-Tornados-HIFK1-HIFK2-HVV-06042024.pdf\">Seuraottelu JBT-MAKE-Tornados-HIFK1-HIFK2-HVV 06042024<\/a><br \/>\n<a href=\"https:\/\/www.keilaseurajbt.fi\/wp-content\/uploads\/2024\/03\/Seuraottelu-JBT-UK88-TuusJo-Hylsy-Pyrsto-30032024.pdf\">Seuraottelu JBT-UK88-TuusJo-Hylsy-Pyrst\u00f6 30032024<\/a><br \/>\n<a href=\"https:\/\/www.keilaseurajbt.fi\/wp-content\/uploads\/2024\/03\/Seuraottelu-UK88-JBT-Seitenviis-Palke-03032024.jpg\">Seuraottelu UK88-JBT-Seitenviis-Palke 03032024<\/a><br \/>\n<a href=\"https:\/\/www.keilaseurajbt.fi\/wp-content\/uploads\/2024\/02\/Seuraottelu-Carbo-JBT-BDT-Kera-Cosmic-Lovi-18022024.pdf\">Seuraottelu Carbo-JBT-BDT-Kera-Cosmic-Lovi 18022024<\/a><br \/>\n<a href=\"https:\/\/www.keilaseurajbt.fi\/wp-content\/uploads\/2024\/02\/Seuraottelu-BDT-Carbo-JBT-Kera-Cosmic-31012024.pdf\">Seuraottelu BDT-Carbo-JBT-Kera-Cosmic 31012024<\/a><br \/>\n<a href=\"https:\/\/www.keilaseurajbt.fi\/wp-content\/uploads\/2024\/01\/Seuraottelu-Hylsy-MaKe-JBT-18012024.pdf\">Seuraottelu Hylsy-MaKe-JBT 18012024<\/a><br \/>\n<a href=\"https:\/\/www.keilaseurajbt.fi\/wp-content\/uploads\/2023\/12\/Seuraottelu-MaKe-JBT-17122023.pdf\">Seuraottelu MaKe-JBT 17122023<\/a><br \/>\n<a href=\"https:\/\/www.keilaseurajbt.fi\/wp-content\/uploads\/2023\/11\/Cosmiset-Kaadot-2023-ystavyysottelun-tulokset.pdf\">Seuraottelu Cosmic-JBT-BDT-Carbo-Kera<\/a><br \/>\n<a href=\"https:\/\/www.keilaseurajbt.fi\/wp-content\/uploads\/2023\/09\/Seuraottelu-JBT-BDT-CARBO-KERA-COSMIC-27092023.pdf\">Seuraottelu JBT-BDT-CARBO-KERA-COSMIC 27092023<\/a><\/p>\n<p><strong>KAUSI 2022-2023<\/strong><\/p>\n<p><a href=\"https:\/\/www.keilaseurajbt.fi\/wp-content\/uploads\/2023\/05\/Seuraottelu-Hylsy-JBT-Make-11052023.pdf\">Seuraottelu Hylsy-JBT-Make 11052023<\/a><br \/>\n<a href=\"https:\/\/www.keilaseurajbt.fi\/wp-content\/uploads\/2023\/05\/Seuraottelu-Carbo-JBT-BDT-Kera-07052023.pdf\">Seuraottelu Carbo-JBT-BDT-Kera 07052023<\/a><strong><br \/>\n<\/strong><a href=\"https:\/\/www.keilaseurajbt.fi\/wp-content\/uploads\/2023\/05\/Seuraottelu-Pyrsto-JBT-Taku-Kamut-29042023.pdf\">Seuraottelu Pyrst\u00f6-JBT-Taku-Kamut 29042023<\/a><br \/>\n<a href=\"https:\/\/www.keilaseurajbt.fi\/wp-content\/uploads\/2023\/04\/Seuraottelu-JBT-BDT-Kera-Carbo-17042023.pdf\">Seuraottelu JBT-BDT-Kera-Carbo 17042023<\/a><strong><br \/>\n<\/strong><a href=\"https:\/\/www.keilaseurajbt.fi\/wp-content\/uploads\/2023\/03\/Seuraottelu-SP-JBT-DIK35-VanKei-Pinke-26032023.pdf\">Seuraottelu SP-JBT-DIK35-VanKei-Pinke 26032023<\/a><strong><br \/>\n<\/strong><a href=\"https:\/\/www.keilaseurajbt.fi\/wp-content\/uploads\/2023\/03\/Seuraottelu-SEITENVIIS-JBT-RKM-VANTAA-19032023.pdf\">Seuraottelu SEITENVIIS-JBT-RKM VANTAA 19032023<\/a><strong><br \/>\n<\/strong><a href=\"https:\/\/www.keilaseurajbt.fi\/wp-content\/uploads\/2023\/02\/Seuraottelu-JBT-HIFK-SP-UK88-05022023.pdf\">Seuraottelu JBT-HIFK-SP-UK88 05022023<\/a><strong><br \/>\n<\/strong><a href=\"https:\/\/www.keilaseurajbt.fi\/wp-content\/uploads\/2023\/02\/Seuraottelu-JBT-BDT-Kera-Carbo-30012023.pdf\">Seuraottelu JBT-BDT-Kera-Carbo 30012023<\/a><strong><br \/>\n<\/strong><a href=\"https:\/\/www.keilaseurajbt.fi\/wp-content\/uploads\/2023\/01\/Seuraottelu-JBT-PuVe-TuusJo-Bay-Hylsy-22012023.pdf\">Seuraottelu JBT-PuVe-TuusJo-Bay-Hylsy 22012023<\/a><strong><br \/>\n<\/strong><a href=\"https:\/\/www.keilaseurajbt.fi\/wp-content\/uploads\/2023\/01\/Seuraottelu-UK88-JBT-75-Palke-15012023.pdf\">Seuraottelu UK88-JBT-75-Palke 15012023<\/a><strong><br \/>\n<\/strong><a href=\"https:\/\/www.keilaseurajbt.fi\/wp-content\/uploads\/2023\/01\/Seuraottelu-JBT-PYRSTO-HVV-SEITENVIIS-11012023.pdf\">Seuraottelu JBT-PYRST\u00d6-HVV-SEITENVIIS 11012023<\/a><strong><br \/>\n<\/strong><\/p>\n<p><strong>KAUSI 2021-2022<\/strong><\/p>\n<p><a href=\"https:\/\/www.keilaseurajbt.fi\/wp-content\/uploads\/2022\/06\/Seuraottelu-CARBO-JBT-BDT-KERA-18062022.pdf\">Seuraottelu CARBO-JBT-BDT-KERA 18062022<\/a><br \/>\n<a href=\"https:\/\/www.keilaseurajbt.fi\/wp-content\/uploads\/2022\/05\/Seuraottelu-BDT-KERA-JBT-CARBO-25052022.pdf\">Seuraottelu BDT-KERA-JBT-CARBO 25052022<\/a><br \/>\n<a href=\"https:\/\/www.keilaseurajbt.fi\/wp-content\/uploads\/2022\/04\/Seuraottelu-Pyrsto-JBT-Jassit-28042022.pdf\">Seuraottelu Pyrst\u00f6-JBT-Jassit 28042022<\/a><br \/>\n<a href=\"https:\/\/www.keilaseurajbt.fi\/wp-content\/uploads\/2022\/04\/Seuraottelu-TUUSJO-JBT-10042022.pdf\">Seuraottelu TUUSJO-JBT 10042022<\/a><br \/>\n<a href=\"https:\/\/www.keilaseurajbt.fi\/wp-content\/uploads\/2022\/03\/Seuraottelu-JBT-BDT-CARBO-KERA-30032022.pdf\">Seuraottelu JBT-BDT-CARBO-KERA 30032022<\/a><br \/>\n<a href=\"https:\/\/www.keilaseurajbt.fi\/wp-content\/uploads\/2022\/03\/Seuraottelu-JBT-UK88-SEITENVIIS-SP-PYRSTO-05032022.pdf\">Seuraottelu JBT-UK88-SEITENVIIS-SP-PYRST\u00d6 05032022<\/a><br \/>\n<a href=\"https:\/\/www.keilaseurajbt.fi\/wp-content\/uploads\/2022\/02\/Seuraottelu-SP-JBT-KERA-VANKEI-13022022.pdf\">Seuraottelu SP-JBT-KERA-VANKEI 13022022<\/a><br \/>\n<a href=\"https:\/\/www.keilaseurajbt.fi\/wp-content\/uploads\/2021\/12\/Seuraottelu-UK88-Seitenviis-JBT-Palke-04122021.pdf\">Seuraottelu UK88-Seitenviis-JBT-Palke 04122021<\/a><\/p>\n<p><strong>KAUSI 2020-2021<\/strong><\/p>\n<p><a href=\"https:\/\/www.keilaseurajbt.fi\/wp-content\/uploads\/2021\/01\/Seuraottelu-TuusJo-JBT-Carbo-16012021-Tuusula.pdf\">Seuraottelu Tuus&#8217;Jo-JBT-Carbo 16012021 Tuusula<\/a><br \/>\n<a href=\"https:\/\/www.keilaseurajbt.fi\/wp-content\/uploads\/2020\/10\/Seuraottelu-BDT-KERA-JBT-COSMIC-CARBO-28102020.pdf\">Seuraottelu BDT &#8211; KERA &#8211; JBT &#8211; COSMIC &#8211; CARBO 28102020<\/a><br \/>\n<a href=\"https:\/\/www.keilaseurajbt.fi\/wp-content\/uploads\/2020\/10\/Seuraottelu-SP-JBT-KERA-JACKPOT-COSMIC-25102020.pdf\">Seuraottelu SP &#8211; JBT &#8211; KERA &#8211; JACKPOT &#8211; COSMIC 25102020<\/a><br \/>\n<a href=\"https:\/\/www.keilaseurajbt.fi\/wp-content\/uploads\/2020\/09\/Seuraottelu-75-JBT-RKM-Vantaa-17092020.pdf\">Seuraottelu 75 &#8211; JBT &#8211; RKM-Vantaa 17092020<\/a><\/p>\n<p><strong>KAUSI 2019-2020<\/strong><\/p>\n<p><a href=\"https:\/\/www.keilaseurajbt.fi\/wp-content\/uploads\/2020\/03\/Seuraottelu-SP-JBT-COSMIC-KERA-08032020.pdf\">Seuraottelu SP-JBT-COSMIC-KERA 08032020<\/a><br \/>\n<a href=\"https:\/\/www.keilaseurajbt.fi\/wp-content\/uploads\/2020\/02\/Seuraottelu-Killer-JBT-KERA-Steelers-Tuusula-08022020.pdf\">Seuraottelu Killer-JBT-KERA-Steelers Tuusula 08022020<\/a><br \/>\n<a href=\"https:\/\/www.keilaseurajbt.fi\/wp-content\/uploads\/2020\/01\/Seuraottelu-Carbo\u2013BDT\u2013Cosmic\u2013Kera\u2013Killer\u2013JBT-20012020.pdf\">Seuraottelu Carbo\u2013BDT\u2013Cosmic\u2013Kera\u2013Killer\u2013JBT 20012020<\/a><br \/>\n<a href=\"https:\/\/www.keilaseurajbt.fi\/wp-content\/uploads\/2020\/01\/Seuraottelu-UK88-Palke-JBT-6.1.2020.pdf\">Seuraottelu UK88-Palke-JBT 6.1.2020<\/a><br \/>\n<a href=\"https:\/\/www.keilaseurajbt.fi\/wp-content\/uploads\/2019\/12\/Seuraottelu-HYLSY-JBT-JACKPOT-21122019.pdf\">Seuraottelu HYLSY-JBT-JACKPOT 21122019<\/a><br \/>\n<a href=\"https:\/\/www.keilaseurajbt.fi\/wp-content\/uploads\/2019\/12\/JBT-HVV-Killer-Pyrst\u00f6-Seitenviis-seuraottelu-veteraanitasoituksin-28112019.pdf\">JBT-HVV-Killer-Pyrst\u00f6-Seitenviis seuraottelu veteraanitasoituksin 28112019<\/a><br \/>\n<a href=\"https:\/\/www.keilaseurajbt.fi\/wp-content\/uploads\/2019\/11\/JBT-STEELERS-UK88-TUUSJO-SEITENVIIS-BOLTSI72-HYLSY-PUVE-23112019.pdf\">JBT-STEELERS-UK88-TUUSJO-SEITENVIIS-BOLTSI72-HYLSY-PUVE 23112019<\/a><br \/>\n<a href=\"https:\/\/www.keilaseurajbt.fi\/wp-content\/uploads\/2019\/11\/Seuraottelu-JBT-Cosmic-Carbo-BDT-Kera-18112019.pdf\">Seuraottelu JBT &#8211; Cosmic &#8211; Carbo &#8211; BDT &#8211; Kera 18112019<\/a><br \/>\n<a href=\"https:\/\/www.keilaseurajbt.fi\/wp-content\/uploads\/2019\/11\/Seuraottelu-JBT-HIFK-10112019.pdf\">Seuraottelu JBT-HIFK 10112019<\/a><br \/>\n<a href=\"https:\/\/www.keilaseurajbt.fi\/wp-content\/uploads\/2019\/11\/Seuraottelu-JBT-BAY-10112019.pdf\">Seuraottelu JBT-BAY 10112019<\/a><br \/>\n<a href=\"https:\/\/www.keilaseurajbt.fi\/wp-content\/uploads\/2019\/11\/Seuraottelu-JBT-SP-10112019.pdf\">Seuraottelu JBT-SP 10112019<\/a><br \/>\n<a href=\"https:\/\/www.keilaseurajbt.fi\/wp-content\/uploads\/2019\/11\/Seuraottelu-Boltsi-JBT-02112019.pdf\">Seuraottelu Boltsi-JBT 02112019<\/a><br \/>\n<a href=\"https:\/\/www.keilaseurajbt.fi\/wp-content\/uploads\/2019\/09\/TuusJo-JBT-28092019.pdf\">TuusJo-JBT 28092019<\/a><\/p>\n<p><strong>KAUSI 2018 &#8211; 2019<\/strong><\/p>\n<p><a href=\"https:\/\/www.keilaseurajbt.fi\/?attachment_id=468\" target=\"_blank\" rel=\"noopener noreferrer\">Seuraottelu Pyrst\u00f6-JBT Hyvink\u00e4\u00e4 5.5.2019<\/a><br \/>\n<a href=\"https:\/\/www.keilaseurajbt.fi\/wp-content\/uploads\/2019\/04\/Seuraottelu-Hylsy-JBT-14042019.pdf\">Seuraottelu Hylsy &#8211; JBT 14042019<\/a><br \/>\n<a href=\"https:\/\/www.keilaseurajbt.fi\/wp-content\/uploads\/2019\/04\/Seuraottelu-KERA-JBT-06042019.pdf\">Seuraottelu KERA &#8211; JBT 06042019<\/a><br \/>\n<a href=\"https:\/\/www.keilaseurajbt.fi\/wp-content\/uploads\/2019\/03\/Seuraottelu-Steelers-Nuppi-JBT-Killer-16.3.2018.pdf\">Seuraottelu Steelers &#8211; Nuppi -JBT &#8211; Killer 16.3.2018<\/a><br \/>\n<a href=\"https:\/\/www.keilaseurajbt.fi\/wp-content\/uploads\/2019\/03\/Seitenviiden-viestikisan-joukkuetulokset-10032019.pdf\">Seitenviiden viestikisan joukkuetulokset 10032019<\/a><br \/>\n<a href=\"https:\/\/www.keilaseurajbt.fi\/wp-content\/uploads\/2019\/03\/Seuraottelu-BDT-JBT-CARBO-KERA-COSMIC-04032019.pdf\">Seuraottelu BDT-JBT-CARBO-KERA-COSMIC 04032019<\/a><br \/>\n<a href=\"https:\/\/www.keilaseurajbt.fi\/wp-content\/uploads\/2019\/02\/Seuraottelu-BAY-JBT-25022019.pdf\">Seuraottelu BAY &#8211; JBT 25022019<\/a><br \/>\n<a href=\"https:\/\/www.keilaseurajbt.fi\/wp-content\/uploads\/2019\/02\/Seuraottelu-UK88-Seitenviis-Carbo-JBT-10.2.2019.pdf\">Seuraottelu UK88-Seitenviis-Carbo-JBT 10.2.2019<\/a><br \/>\n<a href=\"https:\/\/www.keilaseurajbt.fi\/wp-content\/uploads\/2019\/02\/Seuraottelu-SP-JBT-KERA-03022019.pdf\">Seuraottelu SP &#8211; JBT &#8211; KERA 03022019<\/a><br \/>\n<a href=\"https:\/\/www.keilaseurajbt.fi\/wp-content\/uploads\/2019\/01\/Seuraottelu-JBT-PUVE-27012019.pdf\">Seuraottelu JBT &#8211; PUVE 27012019<\/a><br \/>\n<a href=\"https:\/\/www.keilaseurajbt.fi\/wp-content\/uploads\/2019\/01\/Seuraottelu-JBT-Pyrst\u00f6-Killer-Hylsy-Seitenviis-HVV-24012019.pdf\">Seuraottelu JBT-Pyrst\u00f6-Killer-Hylsy-Seitenviis-HVV 24012019<\/a><br \/>\n<a href=\"https:\/\/www.keilaseurajbt.fi\/wp-content\/uploads\/2019\/01\/Seuraottelu-JBT-SP-BAY-19012019.pdf\">Seuraottelu JBT &#8211; SP &#8211; BAY 19012019<\/a><br \/>\n<a href=\"https:\/\/www.keilaseurajbt.fi\/wp-content\/uploads\/2019\/01\/Seuraottelu-JBT-HIFK-19012019.pdf\">Seuraottelu JBT &#8211; HIFK 19012019<\/a><br \/>\n<a href=\"https:\/\/www.keilaseurajbt.fi\/wp-content\/uploads\/2019\/01\/JBT-Paikallisseurat-07012019.pdf\">JBT &#8211; Paikallisseurat 07012019<\/a><br \/>\n<a href=\"https:\/\/www.keilaseurajbt.fi\/wp-content\/uploads\/2019\/01\/Seuraottelu-05012019-J\u00e4rvenp\u00e4\u00e4.pdf\">Seuraottelu JBT &#8211; UK88 &#8211; Steelers &#8211; Boltsi-72 &#8211; Seitenviis 05012019 J\u00e4rvenp\u00e4\u00e4<\/a><br \/>\n<a href=\"https:\/\/www.keilaseurajbt.fi\/wp-content\/uploads\/2019\/01\/Seuraottelu-JBT-TuusJo-05012019-J\u00e4rvenp\u00e4\u00e4.pdf\">Seuraottelu JBT &#8211; TuusJo 05012019 J\u00e4rvenp\u00e4\u00e4<\/a><br \/>\n<a href=\"https:\/\/www.keilaseurajbt.fi\/wp-content\/uploads\/2018\/11\/20181112_Carbo_haasteottelu.pdf\">12.11.2018_Carbo_haasteottelu<\/a><\/p>\n<p><strong>KAUSI 2017 &#8211; 2018<\/strong><\/p>\n<p><a href=\"https:\/\/www.keilaseurajbt.fi\/wp-content\/uploads\/2018\/05\/Seitenviiden-viestikisan-joukkuetulokset-17032018.pdf\">17.3.2018 SEITENVIIDEN VIESTIKISAN JOUKKUETULOKSET<\/a><br \/>\n<a href=\"https:\/\/www.keilaseurajbt.fi\/wp-content\/uploads\/2018\/05\/Seuraottelu-SP-JBT-14042018.pdf\">14.4.2018 SP &#8211; JBT<\/a><br \/>\n1.4.2018 <a href=\"https:\/\/www.keilaseurajbt.fi\/wp-content\/uploads\/2018\/04\/STEELERS-JBT-2018.xlsx\">STEELERS &#8211; JBT<\/a><br \/>\n<a href=\"https:\/\/www.keilaseurajbt.fi\/wp-content\/uploads\/2018\/05\/22102017-Boltsi-72-JBT-seuraottelu.pdf\">22.10.2017 Boltsi-72 &#8211; JBT<\/a><\/p>\n<div><\/div>\n<div><strong>KAUSI 2016 &#8211; 2017<\/strong><\/div>\n<div><\/div>\n<div><a href=\"https:\/\/www.keilaseurajbt.fi\/wp-content\/uploads\/2019\/10\/Seuraottelu-HylSy-JBT-Tuusula-20052017.pdf\">Seuraottelu HylSy &#8211; JBT Tuusula 20052017<\/a><br \/>\n<a style=\"font-size: revert;\" href=\"https:\/\/www.keilaseurajbt.fi\/wp-content\/uploads\/2019\/10\/Seuraottelu-BAY-JBT-Lahti-29042017.pdf\">Seuraottelu BAY &#8211; JBT Lahti 29042017<\/a><br \/>\n<a href=\"https:\/\/www.keilaseurajbt.fi\/wp-content\/uploads\/2019\/10\/Seuraottelu-Steelers-JBT-Tapiola-01042017.pdf\">Seuraottelu Steelers &#8211; JBT Tapiola 01042017<\/a><br \/>\n<a href=\"https:\/\/www.keilaseurajbt.fi\/wp-content\/uploads\/2019\/10\/Seuraottelu-Cosmic-JBT-J\u00e4rvenp\u00e4\u00e4-26032017.pdf\">Seuraottelu Cosmic &#8211; JBT J\u00e4rvenp\u00e4\u00e4 26032017<\/a><br \/>\n<a style=\"font-size: revert;\" href=\"https:\/\/www.keilaseurajbt.fi\/wp-content\/uploads\/2019\/10\/Seuraottelu-TuusJo-JBT-Tuusula-18032017.pdf\">Seuraottelu TuusJo &#8211; JBT Tuusula 18032017<\/a><br \/>\n<a style=\"font-size: revert;\" href=\"https:\/\/www.keilaseurajbt.fi\/wp-content\/uploads\/2019\/10\/Seuraottelu-Sinetti-Prime-JBT-Tikkurila-11032017.pdf\">Seuraottelu Sinetti Prime &#8211; JBT Tikkurila 11032017<\/a><br \/>\n<a style=\"font-size: revert;\" href=\"https:\/\/www.keilaseurajbt.fi\/wp-content\/uploads\/2019\/10\/Seuraottelu-BDT-JBT-J\u00e4rvenp\u00e4\u00e4-27022017.pdf\">Seuraottelu BDT &#8211; JBT J\u00e4rvenp\u00e4\u00e4 27022017<\/a><br \/>\n<a style=\"font-size: revert;\" href=\"https:\/\/www.keilaseurajbt.fi\/wp-content\/uploads\/2019\/10\/Seuraottelu-Killer-JBT-Tuusula-19022017.pdf\">Seuraottelu Killer &#8211; JBT Tuusula 19022017<\/a><br \/>\n<a style=\"font-size: revert;\" href=\"https:\/\/www.keilaseurajbt.fi\/wp-content\/uploads\/2019\/10\/Seuraottelu-UK-88-JBT-Hyvink\u00e4\u00e4-04022017.pdf\">Seuraottelu UK-88 &#8211; JBT Hyvink\u00e4\u00e4 04022017<\/a><\/div>\n","protected":false},"excerpt":{"rendered":"<p>KAUSI 2025-2026 Seuraottelu Lovi-JBT-Carbo 12042026 Seuraottelu Bay-JBT-Heitto-Kobo-Pate-BF-Siniset-LoStar 11042026 Seuraottelu BDT-JBT-CARBO-COSMIC-KERA 12032026 Seuraottelu Kamut-aCat-JBT 09032026 Seuraottelu MAKE-JBT-Eleven-HIFK-Hylsy-Er\u00e4-Lovi-Bc Story 22-23022026 Seuraottelu Carbo-JBT-BDT-Kera-Cosmic-Lovi 31012026 Seuraottelu Hylsy-JBT 25012026 Seuraottelu UK88-JBT 27122025 Seuraottelu 75-JBT-UK88-aCat-Kera 20122025 [&hellip;]<\/p>\n","protected":false},"author":1,"featured_media":0,"parent":0,"menu_order":1,"comment_status":"closed","ping_status":"closed","template":"page-templates\/full-width.php","meta":{"footnotes":""},"class_list":["post-222","page","type-page","status-publish","hentry"],"_links":{"self":[{"href":"https:\/\/www.keilaseurajbt.fi\/index.php?rest_route=\/wp\/v2\/pages\/222","targetHints":{"allow":["GET"]}}],"collection":[{"href":"https:\/\/www.keilaseurajbt.fi\/index.php?rest_route=\/wp\/v2\/pages"}],"about":[{"href":"https:\/\/www.keilaseurajbt.fi\/index.php?rest_route=\/wp\/v2\/types\/page"}],"author":[{"embeddable":true,"href":"https:\/\/www.keilaseurajbt.fi\/index.php?rest_route=\/wp\/v2\/users\/1"}],"replies":[{"embeddable":true,"href":"https:\/\/www.keilaseurajbt.fi\/index.php?rest_route=%2Fwp%2Fv2%2Fcomments&post=222"}],"version-history":[{"count":126,"href":"https:\/\/www.keilaseurajbt.fi\/index.php?rest_route=\/wp\/v2\/pages\/222\/revisions"}],"predecessor-version":[{"id":1770,"href":"https:\/\/www.keilaseurajbt.fi\/index.php?rest_route=\/wp\/v2\/pages\/222\/revisions\/1770"}],"wp:attachment":[{"href":"https:\/\/www.keilaseurajbt.fi\/index.php?rest_route=%2Fwp%2Fv2%2Fmedia&parent=222"}],"curies":[{"name":"wp","href":"https:\/\/api.w.org\/{rel}","templated":true}]}}