{"id":241,"date":"2018-04-08T20:12:39","date_gmt":"2018-04-08T20:12:39","guid":{"rendered":"https:\/\/www.keilaseurajbt.fi\/?page_id=241"},"modified":"2025-12-17T01:45:55","modified_gmt":"2025-12-16T22:45:55","slug":"jbtn-suurkisat","status":"publish","type":"page","link":"https:\/\/www.keilaseurajbt.fi\/?page_id=241","title":{"rendered":"JBT:n Suurkisat"},"content":{"rendered":"<p><strong>JBT:n 37. Suurkisa 11.11.2025 &#8211; 14.12.2025<\/strong><\/p>\n<p><a href=\"https:\/\/www.keilaseurajbt.fi\/wp-content\/uploads\/2025\/12\/JBT-37.-Suurkisan-finaalin-alkuosion-tulokset.pdf\">JBT 37. Suurkisan finaalin alkuosion tulokset<\/a> (5 sarjaa)<\/p>\n<p><strong>PUDOTUSPELIT:<\/strong><br \/>\nPASILA JUHO 268 (0)\u00a0 &#8211;\u00a0 SALOMAA KAARON 255 (0)<br \/>\nHILOKOSKI KARO 206 (0)\u00a0 &#8211;\u00a0 PASILA JUHO 204 (0)<\/p>\n<p><strong>LOPULLINEN J\u00c4RJESTYS:<\/strong><br \/>\n1. HILOKOSKI KARO<br \/>\n2. PASILA JUHO<br \/>\n3. SALOMAA KAARON<\/p>\n<p><a href=\"https:\/\/www.keilaseurajbt.fi\/wp-content\/uploads\/2025\/12\/top3_2025.jpg\"><img fetchpriority=\"high\" decoding=\"async\" class=\"alignnone size-full wp-image-1636\" src=\"https:\/\/www.keilaseurajbt.fi\/wp-content\/uploads\/2025\/12\/top3_2025.jpg\" alt=\"\" width=\"1493\" height=\"1057\" \/><\/a><\/p>\n<p><strong>JBT:n 36. Suurkisa 7.10.2024 &#8211; 10.11.2024<\/strong><\/p>\n<p><a href=\"https:\/\/www.keilaseurajbt.fi\/wp-content\/uploads\/2024\/11\/JBT-36.-Suurkisan-finaalin-alkuosion-tulokset.pdf\">JBT 36. Suurkisan finaalin alkuosion tulokset (5 sarjaa)<\/a><\/p>\n<p><strong>PUDOTUSPELIT:<\/strong><br \/>\nMUKKULA RAMI 220 (0) &#8211; VILOKKINEN NOOA 203 (0)<br \/>\nPASILA JUHO 215 (8) &#8211; MUKKULA RAMI 209 (0)<\/p>\n<p><strong>LOPULLINEN J\u00c4RJESTYS:<br \/>\n<\/strong>1. PASILA JUHO<br \/>\n2. MUKKULA RAMI<br \/>\n3. VILOKKINEN NOOA<\/p>\n<p><a href=\"https:\/\/www.keilaseurajbt.fi\/wp-content\/uploads\/2024\/11\/JBT2024_TOP3.jpg\"><img decoding=\"async\" class=\"size-full wp-image-1418 alignnone\" src=\"https:\/\/www.keilaseurajbt.fi\/wp-content\/uploads\/2024\/11\/JBT2024_TOP3.jpg\" alt=\"\" width=\"2220\" height=\"1896\" \/><\/a><\/p>\n<h3>JBT:n 35. Suurkisa 18.3.2024 &#8211; 21.4.2024<\/h3>\n<p><strong><br \/>\n<a href=\"https:\/\/www.keilaseurajbt.fi\/wp-content\/uploads\/2024\/04\/JBT-35.-Suurkisan-finaalin-alkuosion-tulokset.pdf\">JBT 35. Suurkisan finaalin alkuosion tulokset<\/a><\/strong>(5 sarjaa)<\/p>\n<p><strong>PUDOTUSPELIT:<br \/>\n<\/strong>NYKTER URHO 208 (19) &#8211; LESKINEN RONI 164 (0)<br \/>\nNYKTER URHO 228 (19) &#8211; OLSSON NICO 226 (3)<\/p>\n<p><strong>LOPULLINEN J\u00c4RJESTYS:<br \/>\n<\/strong>1. NYKTER URHO<br \/>\n2. OLSSON NICO<br \/>\n3. LESKINEN RONI<\/p>\n<h3><a href=\"https:\/\/www.keilaseurajbt.fi\/wp-content\/uploads\/2024\/04\/20240424_204044.jpg\"><img decoding=\"async\" class=\"alignnone wp-image-1296\" src=\"https:\/\/www.keilaseurajbt.fi\/wp-content\/uploads\/2024\/04\/20240424_204044.jpg\" alt=\"\" width=\"1200\" height=\"569\" \/><\/a><\/h3>\n<h3>JBT:n 34. Suurkisa 9.1.2023 &#8211; 12.2.2023<\/h3>\n<p><strong><a href=\"https:\/\/www.keilaseurajbt.fi\/wp-content\/uploads\/2023\/02\/JBT-34.-Suurkisan-finaalin-alkuosion-tulokset.pdf\">JBT 34. Suurkisan finaalin alkuosion tulokset <\/a><\/strong>(5 sarjaa)<\/p>\n<p><strong>PUDOTUSPELIT:<\/strong><br \/>\nKYT\u00d6L\u00c4 RAIMO 223 (28) &#8211; VILOKKINEN NOOA 199 (1)<br \/>\nKYT\u00d6L\u00c4 RAIMO 239 (28) &#8211; TONTERI JUHANI 197 (0)<\/p>\n<p><strong>LOPULLINEN J\u00c4RJESTYS:<\/strong><br \/>\n1. KYT\u00d6L\u00c4 RAIMO<br \/>\n2. TONTERI JUHANI<br \/>\n3. VILOKKINEN NOOA<\/p>\n<div id=\"attachment_1108\" style=\"width: 313px\" class=\"wp-caption alignnone\"><a href=\"https:\/\/www.keilaseurajbt.fi\/wp-content\/uploads\/2023\/06\/JBT34_top2.jpg\"><img loading=\"lazy\" decoding=\"async\" aria-describedby=\"caption-attachment-1108\" class=\" wp-image-1108\" src=\"https:\/\/www.keilaseurajbt.fi\/wp-content\/uploads\/2023\/06\/JBT34_top2.jpg\" alt=\"\" width=\"303\" height=\"402\" \/><\/a><p id=\"caption-attachment-1108\" class=\"wp-caption-text\">Raimo Kyt\u00f6l\u00e4 ja Juhani Tonteri<\/p><\/div>\n<h3>JBT:n 33. Suurkisa 7.2.2022 &#8211; 13.3.2022<\/h3>\n<p><a href=\"https:\/\/www.keilaseurajbt.fi\/wp-content\/uploads\/2022\/03\/JBT-33.-Suurkisan-finaalin-alkuosion-tulokset.pdf\">JBT 33. Suurkisan finaalin alkuosion tulokset<\/a> (5 sarjaa)<\/p>\n<p><strong>PUDOTUSPELIT:<br \/>\n<\/strong>SAIKKALA LEEVI 269 (0) &#8211; BOSTR\u00d6M LINUS 139 (0)<br \/>\nSAIKKALA LEEVI 235 (0) &#8211; HILOKOSKI KARO 235 (1)<\/p>\n<p><strong>LOPULLINEN J\u00c4RJESTYS:<\/strong><\/p>\n<p>1. SAIKKALA LEEVI<br \/>\n2. HILOKOSKI KARO<br \/>\n3. BOSTR\u00d6M LINUS<\/p>\n<p><a href=\"https:\/\/www.keilaseurajbt.fi\/wp-content\/uploads\/2022\/03\/20220316_201455_muokattu.jpg\"><img loading=\"lazy\" decoding=\"async\" class=\"size-medium wp-image-841 alignnone\" src=\"https:\/\/www.keilaseurajbt.fi\/wp-content\/uploads\/2022\/03\/20220316_201455_muokattu-300x300.jpg\" alt=\"\" width=\"300\" height=\"300\" srcset=\"https:\/\/www.keilaseurajbt.fi\/wp-content\/uploads\/2022\/03\/20220316_201455_muokattu-300x300.jpg 300w, https:\/\/www.keilaseurajbt.fi\/wp-content\/uploads\/2022\/03\/20220316_201455_muokattu-1024x1024.jpg 1024w, https:\/\/www.keilaseurajbt.fi\/wp-content\/uploads\/2022\/03\/20220316_201455_muokattu-150x150.jpg 150w, https:\/\/www.keilaseurajbt.fi\/wp-content\/uploads\/2022\/03\/20220316_201455_muokattu-768x769.jpg 768w, https:\/\/www.keilaseurajbt.fi\/wp-content\/uploads\/2022\/03\/20220316_201455_muokattu-1x1.jpg 1w, https:\/\/www.keilaseurajbt.fi\/wp-content\/uploads\/2022\/03\/20220316_201455_muokattu.jpg 1120w\" sizes=\"(max-width: 300px) 100vw, 300px\" \/><\/a><br \/>\nHILOKOSKI KARO JA SAIKKALA LEEVI<\/p>\n<h3>JBT:n 32. Suurkisa 8.11 &#8211; 15.12.2019<\/h3>\n<p><a href=\"https:\/\/www.keilaseurajbt.fi\/wp-content\/uploads\/2019\/12\/JBT-32.-suurkisan-finaalin-alkuosion-tulokset.pdf\">JBT 32. suurkisan finaalin alkuosion tulokset<\/a> (6 sarjaa)<\/p>\n<p><strong>PUDOTUSPELIT:<br \/>\n<\/strong>SEPP\u00c4NEN PEKKA 235 (3) &#8211; LESKINEN SIMO 174 (0)<br \/>\nSEPP\u00c4NEN PEKKA 280 (3) &#8211; KALLIO JESSE 164 (0)<\/p>\n<p><strong>LOPULLINEN J\u00c4RJESTYS:<\/strong><\/p>\n<p>1. SEPP\u00c4NEN PEKKA<br \/>\n2. KALLIO JESSE<br \/>\n3. LESKINEN SIMO<br \/>\n<img loading=\"lazy\" decoding=\"async\" class=\"alignnone size-medium wp-image-599\" src=\"https:\/\/www.keilaseurajbt.fi\/wp-content\/uploads\/2019\/12\/JBT-32.-Suurkisa-voittajat-300x225.jpg\" alt=\"\" width=\"300\" height=\"225\" srcset=\"https:\/\/www.keilaseurajbt.fi\/wp-content\/uploads\/2019\/12\/JBT-32.-Suurkisa-voittajat-300x225.jpg 300w, https:\/\/www.keilaseurajbt.fi\/wp-content\/uploads\/2019\/12\/JBT-32.-Suurkisa-voittajat-1x1.jpg 1w, https:\/\/www.keilaseurajbt.fi\/wp-content\/uploads\/2019\/12\/JBT-32.-Suurkisa-voittajat.jpg 631w\" sizes=\"(max-width: 300px) 100vw, 300px\" \/><br \/>\nSEPP\u00c4NEN PEKKA JA KALLIO JESSE<\/p>\n<h3><strong><br \/>\n<\/strong>JBT:n 31. suurkisa <span style=\"color: #000000;\">4.1 &#8211; 3.2.2019<\/span><\/h3>\n<p><a href=\"https:\/\/www.keilaseurajbt.fi\/wp-content\/uploads\/2019\/02\/JBTFINAALI_2019.pdf\">FINAALIN TULOKSET (alkuosion j\u00e4lkeen, 6 sarjaa)<\/a><\/p>\n<p><strong>PUDOTUSPELIT:<\/strong><\/p>\n<p>RIKKOLA JUUSO 205 (0) &#8211; TERVAKORPI SAMU 260 (1)<br \/>\nTERVAKORPI SAMU 207 (1) &#8211; TIAINEN JUUSO 247 (0)<\/p>\n<p><strong>LOPULLINEN J\u00c4RJESTYS:<\/strong><\/p>\n<p>1. TIAINEN JUUSO<br \/>\n2. TERVAKORPI SAMU<br \/>\n3. RIKKOLA JUUSO<\/p>\n<p><a href=\"https:\/\/www.keilaseurajbt.fi\/wp-content\/uploads\/2019\/02\/20190206_203337.jpg\"><img loading=\"lazy\" decoding=\"async\" class=\"size-medium wp-image-417\" src=\"https:\/\/www.keilaseurajbt.fi\/wp-content\/uploads\/2019\/02\/20190206_203337-300x225.jpg\" alt=\"\" width=\"300\" height=\"225\" srcset=\"https:\/\/www.keilaseurajbt.fi\/wp-content\/uploads\/2019\/02\/20190206_203337-300x225.jpg 300w, https:\/\/www.keilaseurajbt.fi\/wp-content\/uploads\/2019\/02\/20190206_203337-768x576.jpg 768w, https:\/\/www.keilaseurajbt.fi\/wp-content\/uploads\/2019\/02\/20190206_203337-1024x768.jpg 1024w, https:\/\/www.keilaseurajbt.fi\/wp-content\/uploads\/2019\/02\/20190206_203337-1x1.jpg 1w\" sizes=\"(max-width: 300px) 100vw, 300px\" \/><\/a><\/p>\n<p>Samu Tervakorpi ja Juuso Tiainen<\/p>\n<h3><strong><br \/>\n<\/strong>JBT:n 30. suurkisa<strong><br \/>\n<\/strong><\/h3>\n<p><a href=\"https:\/\/www.keilaseurajbt.fi\/wp-content\/uploads\/2019\/10\/JBT-30.-suurkisan-finaalin-alkuosion-tulokset.pdf\">JBT 30. suurkisan finaalin alkuosion tulokset<\/a><\/p>\n<h4><strong>Kolmen parhaan pudotuspelit:<\/strong><\/h4>\n<p>Rikkola Juuso &#8211; Tiainen Samuli\u00a0 \u00a0236-226<\/p>\n<p>Ahokas Jesse &#8211; Rikkola Juuso\u00a0 \u00a0 \u00a0 236-229<\/p>\n<h4><strong>Lopullinen j\u00e4rjestys:<\/strong><\/h4>\n<p>1. Ahokas<br \/>\n2. Rikkola<br \/>\n3. Tiainen<\/p>\n<hr \/>\n<h3><strong><span style=\"font-family: Calibri; font-size: x-large;\">JBT:n 29. suurkisan finaali 7-12-2016<\/span><\/strong><\/h3>\n<p><a href=\"https:\/\/www.keilaseurajbt.fi\/wp-content\/uploads\/2018\/04\/Parhaat-JBT-29-suurkisa-2016.jpg\"><img loading=\"lazy\" decoding=\"async\" class=\"size-full wp-image-247 alignleft\" src=\"https:\/\/www.keilaseurajbt.fi\/wp-content\/uploads\/2018\/04\/Parhaat-JBT-29-suurkisa-2016.jpg\" alt=\"\" width=\"176\" height=\"200\" srcset=\"https:\/\/www.keilaseurajbt.fi\/wp-content\/uploads\/2018\/04\/Parhaat-JBT-29-suurkisa-2016.jpg 176w, https:\/\/www.keilaseurajbt.fi\/wp-content\/uploads\/2018\/04\/Parhaat-JBT-29-suurkisa-2016-1x1.jpg 1w\" sizes=\"(max-width: 176px) 100vw, 176px\" \/><\/a><\/p>\n<div>\n<p><strong><em>JBT:n 29. suurkisan voittaja Jarmo Sinilaakso ja oikealla puolella on kisan toiseksi sijoittunut Pakonen Olli.<\/em><\/strong><\/p>\n<p>JBT:n 29. suurkisan finaali oli kovatasoinen. Finaalin 6 sarjan j\u00e4lkeen pudotuspeleihin parhaana selvisi hurjaa tulosta tehnyt Olli Pakonen (ka. 260,83), toisena pudotuspeleihin eteni finaalin viidenteen sarjaan uransa 22. 300-sarjan keilannut Jarmo Sinilaakso ja kolmantena pudotuspeleihin eteni Pertti Bostr\u00f6m.\u00a0<span style=\"font-size: 14px;\">Pudotuspeleiss\u00e4 jatkettiin kovatasoista peli\u00e4. Jarmo Sinilaakso teki pudotuspeleiss\u00e4 pisimm\u00e4t jonot ja voitti ensin Bostr\u00f6min ja sitten finaalissa Pakosen. JBT:n 29. suurkisan voittaja on Jarmo Sinilaakso.<\/span><\/p>\n<\/div>\n<hr \/>\n<div>\n<h3><strong><span style=\"font-family: Calibri; font-size: x-large;\">JBT:n 28. suurkisa \u00a0J\u00c4RVENP\u00c4\u00c4SS\u00c4 25.09-1.11.2015<\/span><\/strong><\/h3>\n<div><b><b><a href=\"https:\/\/www.keilaseurajbt.fi\/wp-content\/uploads\/2019\/10\/JBT-28.-suurkisan-finaalin-alkuosion-tulokset.pdf\">JBT 28. suurkisan finaalin alkuosion tulokset<\/a><\/b><\/b><\/div>\n<div><strong style=\"color: #000000; font-size: inherit;\">6. sarjan j\u00e4lkeen kolme parasta pelasivat pudotuspelit seuraavasti<\/strong><\/div>\n<div>\n<p><strong><span style=\"color: #000000;\">Havanko Juho \u2013 Uotila Pasi<\/span><\/strong><\/p>\n<p><span style=\"color: #000000;\">173 (3)\u00a0\u00a0\u00a0\u00a0\u00a0\u00a0\u00a0\u00a0\u00a0\u00a0\u00a0 &#8211;\u00a0 277 (0)<br \/>\n<\/span><\/p>\n<p><strong><span style=\"color: #000000;\">Uotila Pasi \u2013 Salonen Petteri<\/span><\/strong><\/p>\n<p><span style=\"color: #000000;\">\u00a0212 (0)\u00a0\u00a0\u00a0\u00a0\u00a0\u00a0 &#8211;\u00a0\u00a0 212 (0)<br \/>\n<\/span><\/p>\n<p><span style=\"color: #000000;\">Finaalisarja kahden huippukeilaajan v\u00e4lill\u00e4 oli tasaista ja tilanne eli sarjan aikana. Lopulta Pasi ja Petteri pelasivat sarjan tasan ja n\u00e4in ratkaisua haettiin 9-10 ruudun uusinnalla, jonka voitti Salosen Petteri.<\/span><\/p>\n<p><span style=\"color: #000000;\">N\u00e4in JBT:n 28. Suurkilpailun voittaja on<strong> Petteri Salonen<\/strong><\/span><\/p>\n<\/div>\n<\/div>\n<hr \/>\n<h3><strong><span style=\"font-family: Calibri; font-size: x-large;\">JBT:n 27. suurkisan finaalin tulokset 17.12.2014<br \/>\n<\/span><\/strong><\/h3>\n<p><a href=\"https:\/\/www.keilaseurajbt.fi\/wp-content\/uploads\/2019\/10\/JBT-27.-suurkisan-finaalin-alkuosion-tulokset.pdf\">JBT 27. suurkisan finaalin alkuosion tulokset<\/a><\/p>\n<p><strong>6. sarjan j\u00e4lkeen kolme parasta pelasivat pudotuspelit seuraavasti<\/strong><\/p>\n<p><strong><span style=\"color: #000000;\">Hyv\u00f6nen Jarmo \u2013 Haapakoski Juha<\/span><\/strong><\/p>\n<p><span style=\"color: #000000;\">218\u00a0 &#8211;\u00a0 223<br \/>\n<\/span><\/p>\n<p><strong><span style=\"color: #000000;\">Haapakoski Juha \u2013 Tran Hoang Vu<\/span><\/strong><\/p>\n<p><span style=\"color: #000000;\">\u00a0192\u00a0 &#8211;\u00a0 \u00a0186<\/span><\/p>\n<p><strong>Lopullinen j\u00e4rjestys:<\/strong><\/p>\n<p>1. Haapakoski Juha<br \/>\n2. Tran Hoang Vu<br \/>\n3. Hyv\u00f6nen Jarmo<\/p>\n<div><\/div>\n","protected":false},"excerpt":{"rendered":"<p>JBT:n 37. Suurkisa 11.11.2025 &#8211; 14.12.2025 JBT 37. Suurkisan finaalin alkuosion tulokset (5 sarjaa) PUDOTUSPELIT: PASILA JUHO 268 (0)\u00a0 &#8211;\u00a0 SALOMAA KAARON 255 (0) HILOKOSKI KARO 206 (0)\u00a0 &#8211;\u00a0 PASILA [&hellip;]<\/p>\n","protected":false},"author":1,"featured_media":0,"parent":0,"menu_order":0,"comment_status":"closed","ping_status":"closed","template":"page-templates\/full-width.php","meta":{"footnotes":""},"class_list":["post-241","page","type-page","status-publish","hentry"],"_links":{"self":[{"href":"https:\/\/www.keilaseurajbt.fi\/index.php?rest_route=\/wp\/v2\/pages\/241","targetHints":{"allow":["GET"]}}],"collection":[{"href":"https:\/\/www.keilaseurajbt.fi\/index.php?rest_route=\/wp\/v2\/pages"}],"about":[{"href":"https:\/\/www.keilaseurajbt.fi\/index.php?rest_route=\/wp\/v2\/types\/page"}],"author":[{"embeddable":true,"href":"https:\/\/www.keilaseurajbt.fi\/index.php?rest_route=\/wp\/v2\/users\/1"}],"replies":[{"embeddable":true,"href":"https:\/\/www.keilaseurajbt.fi\/index.php?rest_route=%2Fwp%2Fv2%2Fcomments&post=241"}],"version-history":[{"count":85,"href":"https:\/\/www.keilaseurajbt.fi\/index.php?rest_route=\/wp\/v2\/pages\/241\/revisions"}],"predecessor-version":[{"id":1637,"href":"https:\/\/www.keilaseurajbt.fi\/index.php?rest_route=\/wp\/v2\/pages\/241\/revisions\/1637"}],"wp:attachment":[{"href":"https:\/\/www.keilaseurajbt.fi\/index.php?rest_route=%2Fwp%2Fv2%2Fmedia&parent=241"}],"curies":[{"name":"wp","href":"https:\/\/api.w.org\/{rel}","templated":true}]}}