{"id":70,"date":"2017-10-29T16:02:40","date_gmt":"2017-10-29T16:02:40","guid":{"rendered":"https:\/\/www.keilaseurajbt.fi\/?page_id=70"},"modified":"2025-05-13T18:37:28","modified_gmt":"2025-05-13T15:37:28","slug":"yhteystiedot","status":"publish","type":"page","link":"https:\/\/www.keilaseurajbt.fi\/?page_id=70","title":{"rendered":"Yhteystiedot"},"content":{"rendered":"<p><strong>Seuran nimi:<\/strong> J\u00e4rvenp\u00e4\u00e4 Bowling Team JBT ry<\/p>\n<p><strong>Hallituksen j\u00e4senet:<\/strong><\/p>\n<ul>\n<li>Puheenjohtaja: Helander Matti, puh 050 4057734<\/li>\n<li>Sihteeri: Takko Petri<\/li>\n<li>Rahastonhoitaja: Takko Petri, puh 050 3245003<\/li>\n<li>Hyv\u00f6nen Jarmo, puh 0500 169 830<\/li>\n<li>Karjunen Sakari<\/li>\n<li>Rakkolainen Jussi<\/li>\n<li>Ahola Henry<\/li>\n<\/ul>\n<p><strong>Joukkueiden valitsijat:<\/strong><\/p>\n<ul>\n<li>Miesten valtakunnansarja: L\u00e4hteenm\u00e4ki Rasmus<\/li>\n<li>Veteraanien valtakunnansarja: Hyv\u00f6nen Jarmo<\/li>\n<\/ul>\n<p><b> Ota yhteytt\u00e4: <\/b><\/p>\n\n<div class=\"wpcf7 no-js\" id=\"wpcf7-f121-o1\" lang=\"fi\" dir=\"ltr\" data-wpcf7-id=\"121\">\n<div class=\"screen-reader-response\"><p role=\"status\" aria-live=\"polite\" aria-atomic=\"true\"><\/p> <ul><\/ul><\/div>\n<form action=\"\/index.php?rest_route=%2Fwp%2Fv2%2Fpages%2F70#wpcf7-f121-o1\" method=\"post\" class=\"wpcf7-form init\" aria-label=\"Yhteydenottolomake\" novalidate=\"novalidate\" data-status=\"init\">\n<fieldset class=\"hidden-fields-container\"><input type=\"hidden\" name=\"_wpcf7\" value=\"121\" \/><input type=\"hidden\" name=\"_wpcf7_version\" value=\"6.1.5\" \/><input type=\"hidden\" name=\"_wpcf7_locale\" value=\"fi\" \/><input type=\"hidden\" name=\"_wpcf7_unit_tag\" value=\"wpcf7-f121-o1\" \/><input type=\"hidden\" name=\"_wpcf7_container_post\" value=\"0\" \/><input type=\"hidden\" name=\"_wpcf7_posted_data_hash\" value=\"\" \/>\n<\/fieldset>\n<p><label> Nimesi (pakollinen)<br \/>\n<span class=\"wpcf7-form-control-wrap\" data-name=\"your-name\"><input size=\"40\" maxlength=\"400\" class=\"wpcf7-form-control wpcf7-text wpcf7-validates-as-required\" aria-required=\"true\" aria-invalid=\"false\" value=\"\" type=\"text\" name=\"your-name\" \/><\/span> <\/label>\n<\/p>\n<p><label> S\u00e4hk\u00f6postisi (pakollinen)<br \/>\n<span class=\"wpcf7-form-control-wrap\" data-name=\"your-email\"><input size=\"40\" maxlength=\"400\" class=\"wpcf7-form-control wpcf7-email wpcf7-validates-as-required wpcf7-text wpcf7-validates-as-email\" aria-required=\"true\" aria-invalid=\"false\" value=\"\" type=\"email\" name=\"your-email\" \/><\/span> <\/label>\n<\/p>\n<p><label> Aihe<br \/>\n<span class=\"wpcf7-form-control-wrap\" data-name=\"your-subject\"><input size=\"40\" maxlength=\"400\" class=\"wpcf7-form-control wpcf7-text\" aria-invalid=\"false\" value=\"\" type=\"text\" name=\"your-subject\" \/><\/span> <\/label>\n<\/p>\n<p><label> Viestisi<br \/>\n<span class=\"wpcf7-form-control-wrap\" data-name=\"your-message\"><textarea cols=\"40\" rows=\"10\" maxlength=\"2000\" class=\"wpcf7-form-control wpcf7-textarea\" aria-invalid=\"false\" name=\"your-message\"><\/textarea><\/span> <\/label>\n<\/p>\n<p><input class=\"wpcf7-form-control wpcf7-submit has-spinner\" type=\"submit\" value=\"Send\" \/>\n<\/p><div class=\"wpcf7-response-output\" aria-hidden=\"true\"><\/div>\n<\/form>\n<\/div>\n\n","protected":false},"excerpt":{"rendered":"<p>Seuran nimi: J\u00e4rvenp\u00e4\u00e4 Bowling Team JBT ry Hallituksen j\u00e4senet: Puheenjohtaja: Helander Matti, puh 050 4057734 Sihteeri: Takko Petri Rahastonhoitaja: Takko Petri, puh 050 3245003 Hyv\u00f6nen Jarmo, puh 0500 169 830 [&hellip;]<\/p>\n","protected":false},"author":1,"featured_media":0,"parent":0,"menu_order":2,"comment_status":"closed","ping_status":"closed","template":"page-templates\/full-width.php","meta":{"footnotes":""},"class_list":["post-70","page","type-page","status-publish","hentry"],"_links":{"self":[{"href":"https:\/\/www.keilaseurajbt.fi\/index.php?rest_route=\/wp\/v2\/pages\/70","targetHints":{"allow":["GET"]}}],"collection":[{"href":"https:\/\/www.keilaseurajbt.fi\/index.php?rest_route=\/wp\/v2\/pages"}],"about":[{"href":"https:\/\/www.keilaseurajbt.fi\/index.php?rest_route=\/wp\/v2\/types\/page"}],"author":[{"embeddable":true,"href":"https:\/\/www.keilaseurajbt.fi\/index.php?rest_route=\/wp\/v2\/users\/1"}],"replies":[{"embeddable":true,"href":"https:\/\/www.keilaseurajbt.fi\/index.php?rest_route=%2Fwp%2Fv2%2Fcomments&post=70"}],"version-history":[{"count":13,"href":"https:\/\/www.keilaseurajbt.fi\/index.php?rest_route=\/wp\/v2\/pages\/70\/revisions"}],"predecessor-version":[{"id":1524,"href":"https:\/\/www.keilaseurajbt.fi\/index.php?rest_route=\/wp\/v2\/pages\/70\/revisions\/1524"}],"wp:attachment":[{"href":"https:\/\/www.keilaseurajbt.fi\/index.php?rest_route=%2Fwp%2Fv2%2Fmedia&parent=70"}],"curies":[{"name":"wp","href":"https:\/\/api.w.org\/{rel}","templated":true}]}}