{"id":80,"date":"2017-10-29T16:50:36","date_gmt":"2017-10-29T16:50:36","guid":{"rendered":"https:\/\/www.keilaseurajbt.fi\/?page_id=80"},"modified":"2026-01-26T21:52:25","modified_gmt":"2026-01-26T18:52:25","slug":"seuran-esittely-2","status":"publish","type":"page","link":"https:\/\/www.keilaseurajbt.fi\/","title":{"rendered":"Seuran esittely:"},"content":{"rendered":"<h3>J\u00e4rvenp\u00e4\u00e4 Bowling Team ry (JBT)<\/h3>\n<ul>\n<li>Keilaseura JBT on perustettu 1987 Keski-Uudenmaan Keilaliiton alaisuuten ja kotipaikka on J\u00e4rvenp\u00e4\u00e4n keilahalli.<\/li>\n<li>J\u00e4seni\u00e4 on rekister\u00f6ityn\u00e4 19.<\/li>\n<li>Keilaamme aktiivisesti yleisess\u00e4 ja veteraanien valtakunnan sarjoissa, osallistumme my\u00f6s erikoiskilpailuihin. Lis\u00e4ksi pelaamme seuraotteluja toisia seuroja vastaan.<\/li>\n<li>J\u00e4rjest\u00e4mme my\u00f6s vuosittain perinteisen erikoiskilpailun JBT:n Suurkisan. Lis\u00e4ksi pelaamme vuosittain JBT:n oman mestaruuskisan.<\/li>\n<li>Osallistumme innolla miesten, seniorien ja veteraanien SM-kisoihin.<\/li>\n<\/ul>\n\n\n<p><\/p>\n","protected":false},"excerpt":{"rendered":"<p>J\u00e4rvenp\u00e4\u00e4 Bowling Team ry (JBT) Keilaseura JBT on perustettu 1987 Keski-Uudenmaan Keilaliiton alaisuuten ja kotipaikka on J\u00e4rvenp\u00e4\u00e4n keilahalli. J\u00e4seni\u00e4 on rekister\u00f6ityn\u00e4 19. Keilaamme aktiivisesti yleisess\u00e4 ja veteraanien valtakunnan sarjoissa, osallistumme [&hellip;]<\/p>\n","protected":false},"author":1,"featured_media":0,"parent":0,"menu_order":0,"comment_status":"closed","ping_status":"closed","template":"","meta":{"footnotes":""},"class_list":["post-80","page","type-page","status-publish","hentry"],"_links":{"self":[{"href":"https:\/\/www.keilaseurajbt.fi\/index.php?rest_route=\/wp\/v2\/pages\/80","targetHints":{"allow":["GET"]}}],"collection":[{"href":"https:\/\/www.keilaseurajbt.fi\/index.php?rest_route=\/wp\/v2\/pages"}],"about":[{"href":"https:\/\/www.keilaseurajbt.fi\/index.php?rest_route=\/wp\/v2\/types\/page"}],"author":[{"embeddable":true,"href":"https:\/\/www.keilaseurajbt.fi\/index.php?rest_route=\/wp\/v2\/users\/1"}],"replies":[{"embeddable":true,"href":"https:\/\/www.keilaseurajbt.fi\/index.php?rest_route=%2Fwp%2Fv2%2Fcomments&post=80"}],"version-history":[{"count":31,"href":"https:\/\/www.keilaseurajbt.fi\/index.php?rest_route=\/wp\/v2\/pages\/80\/revisions"}],"predecessor-version":[{"id":1671,"href":"https:\/\/www.keilaseurajbt.fi\/index.php?rest_route=\/wp\/v2\/pages\/80\/revisions\/1671"}],"wp:attachment":[{"href":"https:\/\/www.keilaseurajbt.fi\/index.php?rest_route=%2Fwp%2Fv2%2Fmedia&parent=80"}],"curies":[{"name":"wp","href":"https:\/\/api.w.org\/{rel}","templated":true}]}}